{"id":184,"date":"2020-12-06T22:15:31","date_gmt":"2020-12-06T21:15:31","guid":{"rendered":"https:\/\/www.moderne-arbeitsmedizin.de\/?page_id=184"},"modified":"2026-03-14T17:34:56","modified_gmt":"2026-03-14T16:34:56","slug":"arbeitsmedizinische-leistungen","status":"publish","type":"page","link":"https:\/\/www.moderne-arbeitsmedizin.de\/index.php\/arbeitsmedizinische-leistungen\/","title":{"rendered":"Unsere Leistungen"},"content":{"rendered":"\n<h4 class=\"wp-block-heading\">Grundbetreuung nach ASiG und DGUV2<\/h4>\n\n\n\n<ul class=\"wp-block-list\">\n<li>Beratung der F\u00fchrungskr\u00e4fte<\/li>\n\n\n\n<li>ASA Sitzungen (Teilnahme vor Ort oder per Videokonferenz)<\/li>\n\n\n\n<li>Begehungen<\/li>\n\n\n\n<li>Fachliche Beratung zur Erstellung der Gef\u00e4hrdungsbeurteilungen<\/li>\n\n\n\n<li>Beratung und Beurteilung zu den genutzten Gefahrstoffen und den angewandten PSA<\/li>\n\n\n\n<li>Beratung zur sicheren Nutzung der PSA und Hygienema\u00dfnahmen im Betrieb<\/li>\n\n\n\n<li>Unterst\u00fctzung bei der Auswahl der Hautschutzmittel<\/li>\n\n\n\n<li>Unterst\u00fctzung bei BEM Verfahren und bei BGM<\/li>\n\n\n\n<li>Beratung bei Einf\u00fchrung von neuen Technologien, Gefahrstoffen<\/li>\n\n\n\n<li>Beratung zur Unfallverh\u00fctung, Arbeitsunf\u00e4llen und Gesundheitsgefahren im Betrieb<\/li>\n\n\n\n<li>Beratung zum Arbeitszeitgesetz<\/li>\n\n\n\n<li>Organisation der Ersten Hilfe<\/li>\n<\/ul>\n\n\n\n<h4 class=\"wp-block-heading\">Vorsorgeuntersuchungen (Pflichtvorsorge, Angebotsvorsorge, Wunschvorsorge)<\/h4>\n\n\n\n<p class=\"has-normal-font-size\"><strong>Es werden nahezu alle Angebots-, Pflicht- und Wunschvorsorgen angeboten:<\/strong><\/p>\n\n\n\n<ul class=\"wp-block-list\">\n<li>T\u00e4tigkeiten mit den Gefahrstoffen (auch Biomonitoring)<\/li>\n\n\n\n<li>Atemschutz<\/li>\n\n\n\n<li>T\u00e4tigkeiten mit biologischen Gef\u00e4hrdungen<\/li>\n\n\n\n<li>Feuchtarbeit<\/li>\n\n\n\n<li>T\u00e4tigkeiten mit L\u00e4rm <\/li>\n\n\n\n<li>T\u00e4tigkeiten mit erh\u00f6hten k\u00f6rperlichen Belastungen und\/oder Vibration<\/li>\n\n\n\n<li>T\u00e4tigkeiten unter Hitze und K\u00e4lte<\/li>\n\n\n\n<li>Bildschirmt\u00e4tigkeit<\/li>\n\n\n\n<li>Reiset\u00e4tigkeit<\/li>\n\n\n\n<li>T\u00e4tigkeiten im Freien mit intensiver Belastung durch nat\u00fcrliche UV-Strahlung<\/li>\n\n\n\n<li>Nachtarbeit<\/li>\n<\/ul>\n\n\n\n<h4 class=\"wp-block-heading\">Eignungsuntersuchungen<\/h4>\n\n\n\n<ul class=\"wp-block-list\">\n<li>T\u00e4tigkeiten mit Absturzgef\u00e4hrdung<\/li>\n\n\n\n<li>Fahr-, Steuer- und \u00dcberwachungst\u00e4tigkeit<\/li>\n\n\n\n<li>Atemschutz<\/li>\n\n\n\n<li>Allgemeine Feuerwehrtauglichkeit<\/li>\n<\/ul>\n\n\n\n<h4 class=\"wp-block-heading\">Verkehrsmedizin\/P-Schein<\/h4>\n\n\n\n<ul class=\"wp-block-list\">\n<li>FeV Sehtest (Bescheinigung \u00fcber die \u00e4rztliche Untersuchung nach Anlage 6 Nr. 2.1 der Fahrerlaubnis-Verordnung)<\/li>\n\n\n\n<li>FeV \u00c4rztliche Untersuchung (Bescheinigung \u00fcber die \u00e4rztliche Untersuchung gem\u00e4\u00df Anlage 5)<\/li>\n\n\n\n<li>FeV Bescheinigung \u00fcber \u201ebesondere Anforderungen\u201c (Belastbarkeit, Orientierungsleistung, Konzentrationsleistung, Aufmerksamkeitsleistung, Reaktionsf\u00e4higkeit [Psychometrische Untersuchung])<\/li>\n<\/ul>\n\n\n\n<h4 class=\"wp-block-heading\">Sonstige Leistungen<\/h4>\n\n\n\n<ul class=\"wp-block-list\">\n<li>Strahlenschutzuntersuchung (Erm\u00e4chtigte f\u00fcr \u00e4rztliche \u00dcberwachungsma\u00dfnahmen nach \u00a7\u00a7 77, 78, 79, 81 der StrlSchV)<\/li>\n\n\n\n<li>Einstellungsuntersuchungen<\/li>\n\n\n\n<li>Telemedizinische Beratungen<\/li>\n\n\n\n<li>Beratung und Untersuchung nach Mutterschutzgesetz<\/li>\n\n\n\n<li>Reisemedizinische Beratung<\/li>\n\n\n\n<li>Offshore<\/li>\n\n\n\n<li>Laboruntersuchungen<\/li>\n\n\n\n<li>Impfungen, Impfberatungen<\/li>\n\n\n\n<li>H\u00f6rtest, Lungenfunktionstest, Perimetrie<\/li>\n\n\n\n<li>EKG, Ergometrie<\/li>\n\n\n\n<li>Boso ABI (PWV-Messung zur Beurteilung der arteriellen Gef\u00e4\u00dfsteifigkeit)<\/li>\n\n\n\n<li>Sehtest nach DIN EN ISO 8596, DIN 58220, DIN 5822, DIN EN ISO 9712<\/li>\n\n\n\n<li>Sehtest f\u00fcr ESA- oder NASA Zertifizierung<\/li>\n\n\n\n<li>\u00c4rztliches Attest f\u00fcr Sportbootf\u00fchrerschein<\/li>\n<\/ul>\n","protected":false},"excerpt":{"rendered":"<p>Grundbetreuung nach ASiG und DGUV2 Vorsorgeuntersuchungen (Pflichtvorsorge, Angebotsvorsorge, Wunschvorsorge) Es werden nahezu alle Angebots-, Pflicht- und Wunschvorsorgen angeboten: Eignungsuntersuchungen Verkehrsmedizin\/P-Schein Sonstige Leistungen<\/p>\n","protected":false},"author":1,"featured_media":188,"parent":0,"menu_order":0,"comment_status":"closed","ping_status":"closed","template":"","meta":{"footnotes":""},"class_list":["post-184","page","type-page","status-publish","has-post-thumbnail","hentry"],"blocksy_meta":{"styles_descriptor":{"styles":{"desktop":"","tablet":"","mobile":""},"google_fonts":[],"version":6}},"_links":{"self":[{"href":"https:\/\/www.moderne-arbeitsmedizin.de\/index.php\/wp-json\/wp\/v2\/pages\/184","targetHints":{"allow":["GET"]}}],"collection":[{"href":"https:\/\/www.moderne-arbeitsmedizin.de\/index.php\/wp-json\/wp\/v2\/pages"}],"about":[{"href":"https:\/\/www.moderne-arbeitsmedizin.de\/index.php\/wp-json\/wp\/v2\/types\/page"}],"author":[{"embeddable":true,"href":"https:\/\/www.moderne-arbeitsmedizin.de\/index.php\/wp-json\/wp\/v2\/users\/1"}],"replies":[{"embeddable":true,"href":"https:\/\/www.moderne-arbeitsmedizin.de\/index.php\/wp-json\/wp\/v2\/comments?post=184"}],"version-history":[{"count":16,"href":"https:\/\/www.moderne-arbeitsmedizin.de\/index.php\/wp-json\/wp\/v2\/pages\/184\/revisions"}],"predecessor-version":[{"id":519,"href":"https:\/\/www.moderne-arbeitsmedizin.de\/index.php\/wp-json\/wp\/v2\/pages\/184\/revisions\/519"}],"wp:featuredmedia":[{"embeddable":true,"href":"https:\/\/www.moderne-arbeitsmedizin.de\/index.php\/wp-json\/wp\/v2\/media\/188"}],"wp:attachment":[{"href":"https:\/\/www.moderne-arbeitsmedizin.de\/index.php\/wp-json\/wp\/v2\/media?parent=184"}],"curies":[{"name":"wp","href":"https:\/\/api.w.org\/{rel}","templated":true}]}}