{"id":280,"date":"2021-03-23T11:15:06","date_gmt":"2021-03-23T10:15:06","guid":{"rendered":"https:\/\/www.moderne-arbeitsmedizin.de\/?page_id=280"},"modified":"2026-03-24T16:16:22","modified_gmt":"2026-03-24T15:16:22","slug":"untersuchung-nach-fahrerlaubnisverordnung-fev-fuer-lkw-bus-und-p-schein","status":"publish","type":"page","link":"https:\/\/www.moderne-arbeitsmedizin.de\/index.php\/untersuchung-nach-fahrerlaubnisverordnung-fev-fuer-lkw-bus-und-p-schein\/","title":{"rendered":"F\u00fchrerscheinuntersuchung f\u00fcr LKW, Bus und P-Schein in Berlin"},"content":{"rendered":"\n<p style=\"font-size:21px; font-weight:700; color:#000; margin:0 0 10px 0;\">\nTermin kurzfristig m\u00f6glich\n<\/p>\n\n\n\n<p>\ud83d\udcde <a href=\"tel:+4930233211731\" data-type=\"tel\" data-id=\"tel:+4930233211731\">030 233211731<\/a><br>\ud83d\udccd <a href=\"https:\/\/www.google.com\/maps\/place\/Moderne+Arbeitsmedizin+Berlin\/@52.4715844,13.5698942,17z\/data=!3m1!4b1!4m6!3m5!1s0x47a847b2c87a0b53:0x8417452e5238c17f!8m2!3d52.4715812!4d13.5724691!16s%2Fg%2F11n01zh9cw?entry=ttu&amp;g_ep=EgoyMDI2MDMxMS4wIKXMDSoASAFQAw%3D%3D\" data-type=\"link\" data-id=\"https:\/\/www.google.com\/maps\/place\/Moderne+Arbeitsmedizin+Berlin\/@52.4715844,13.5698942,17z\/data=!3m1!4b1!4m6!3m5!1s0x47a847b2c87a0b53:0x8417452e5238c17f!8m2!3d52.4715812!4d13.5724691!16s%2Fg%2F11n01zh9cw?entry=ttu&amp;g_ep=EgoyMDI2MDMxMS4wIKXMDSoASAFQAw%3D%3D\">Kaulsdorfer Str. 131, 12555 Berlin<\/a><\/p>\n\n\n\n<p>Felder mit * sind Pflichtfelder.<\/p>\n\n\n\n<div class=\"wp-block-contact-form-7-contact-form-selector\">\n<div class=\"wpcf7 no-js\" id=\"wpcf7-f538-o1\" lang=\"de-DE\" dir=\"ltr\" data-wpcf7-id=\"538\">\n<div class=\"screen-reader-response\"><p role=\"status\" aria-live=\"polite\" aria-atomic=\"true\"><\/p> <ul><\/ul><\/div>\n<form action=\"\/index.php\/wp-json\/wp\/v2\/pages\/280#wpcf7-f538-o1\" method=\"post\" class=\"wpcf7-form init\" aria-label=\"Kontaktformular\" novalidate=\"novalidate\" data-status=\"init\">\n<fieldset class=\"hidden-fields-container\"><input type=\"hidden\" name=\"_wpcf7\" value=\"538\" \/><input type=\"hidden\" name=\"_wpcf7_version\" value=\"6.1.5\" \/><input type=\"hidden\" name=\"_wpcf7_locale\" value=\"de_DE\" \/><input type=\"hidden\" name=\"_wpcf7_unit_tag\" value=\"wpcf7-f538-o1\" \/><input type=\"hidden\" name=\"_wpcf7_container_post\" value=\"0\" \/><input type=\"hidden\" name=\"_wpcf7_posted_data_hash\" value=\"\" \/>\n<\/fieldset>\n<p><label class=\"wpcf7-form-control-wrap\">Name *<\/label><span class=\"wpcf7-form-control-wrap\" data-name=\"your-name\"><input size=\"40\" maxlength=\"400\" class=\"wpcf7-form-control wpcf7-text wpcf7-validates-as-required\" aria-required=\"true\" aria-invalid=\"false\" value=\"\" type=\"text\" name=\"your-name\" \/><\/span><br \/>\n<label class=\"wpcf7-form-control-wrap\">Telefon *<\/label><span class=\"wpcf7-form-control-wrap\" data-name=\"telefon\"><input size=\"40\" maxlength=\"400\" class=\"wpcf7-form-control wpcf7-tel wpcf7-validates-as-required wpcf7-text wpcf7-validates-as-tel\" aria-required=\"true\" aria-invalid=\"false\" value=\"\" type=\"tel\" name=\"telefon\" \/><\/span><br \/>\n<label class=\"wpcf7-form-control-wrap\">E-Mail *<\/label><span class=\"wpcf7-form-control-wrap\" data-name=\"email\"><input size=\"40\" maxlength=\"400\" class=\"wpcf7-form-control wpcf7-email wpcf7-validates-as-required wpcf7-text wpcf7-validates-as-email\" aria-required=\"true\" aria-invalid=\"false\" value=\"\" type=\"email\" name=\"email\" \/><\/span><br \/>\n<label class=\"wpcf7-form-control-wrap\">Nachricht *<\/label><span class=\"wpcf7-form-control-wrap\" data-name=\"nachricht\"><textarea cols=\"40\" rows=\"10\" maxlength=\"2000\" class=\"wpcf7-form-control wpcf7-textarea wpcf7-validates-as-required\" aria-required=\"true\" aria-invalid=\"false\" name=\"nachricht\"><\/textarea><\/span>\n<\/p>\n<p><div class=\"cf7-cf-turnstile\" style=\"margin-top: 0px; margin-bottom: -15px;\"> <div id=\"cf-turnstile-cf7-2195951016\" class=\"cf-turnstile\" data-sitekey=\"0x4AAAAAACvaoI6f-we8QWS2\" data-theme=\"light\" data-language=\"auto\" data-size=\"normal\" data-retry=\"auto\" data-retry-interval=\"1000\" data-refresh-expired=\"auto\" data-refresh-timeout=\"auto\" data-action=\"contact-form-7\" data-callback=\"turnstileCF7Callback\" data-appearance=\"always\"><\/div> <script>document.addEventListener(\"DOMContentLoaded\", function() { setTimeout(function(){ var e=document.getElementById(\"cf-turnstile-cf7-2195951016\"); if(e&&!e.innerHTML.trim()){turnstile.render(e, {sitekey:\"0x4AAAAAACvaoI6f-we8QWS2\"});} }, 200); });<\/script> <br class=\"cf-turnstile-br cf-turnstile-br-cf7-2195951016\"> <style>#cf-turnstile-cf7-2195951016 { margin-left: -15px; }<\/style> <script>document.addEventListener(\"DOMContentLoaded\",function(){document.querySelectorAll('.wpcf7-form').forEach(function(e){e.addEventListener('submit',function(){if(document.getElementById('cf-turnstile-cf7-2195951016')){setTimeout(function(){turnstile.reset('#cf-turnstile-cf7-2195951016');},1000)}})})});<\/script> <\/div>\n<\/p>\n<p><span class=\"wpcf7-form-control-wrap\" data-name=\"your-consent\"><span class=\"wpcf7-form-control wpcf7-acceptance\"><span class=\"wpcf7-list-item\"><label><input type=\"checkbox\" name=\"your-consent\" value=\"1\" aria-invalid=\"false\" \/><span class=\"wpcf7-list-item-label\">Mit dem Absenden des Formulars willige ich ein, dass diese Website meine \u00fcbermittelten Informationen speichert, sodass meine Anfrage beantwortet werden kann.<\/span><\/label><\/span><\/span><\/span><br \/>\n<input class=\"wpcf7-form-control wpcf7-submit has-spinner\" type=\"submit\" value=\"Absenden\" \/>\n<\/p><div class=\"wpcf7-response-output\" aria-hidden=\"true\"><\/div>\n<\/form>\n<\/div>\n<\/div>\n\n\n\n<h4 class=\"wp-block-heading\">\u00c4rztliche Untersuchung und Sehtest (FeV)<\/h4>\n\n\n\n<p>Bei uns k\u00f6nnen Sie die \u00e4rztliche Untersuchung und den Sehtest nach der Fahrerlaubnisverordnung durchf\u00fchren lassen. Anschlie\u00dfend stellen wir die Bescheinigung f\u00fcr die F\u00fchrerscheinstelle nach Anlage 5 Nummer 1 FeV und Anlage 6 FeV aus.<\/p>\n\n\n\n<table style=\"border:1px solid black;background-color:silver;vertical-align:top;\"><thead><tr><th>Klassen<\/th><th>Untersuchungen<\/th><th>Preis inkl. MwSt.<\/th><\/tr><\/thead>\n<tbody>\n<tr>\n<td rowspan=\"2\">&#8211; Erteilung der Fahrerlaubnis f\u00fcr die Klassen C, C1, CE, C1E\n<br>&#8211; Verl\u00e4ngerung der Fahrerlaubnis bis zum 50. Lebensjahr D, D1, DE, D1E\n<br>&#8211; Verl\u00e4ngerung der Fahrerlaubnis f\u00fcr Taxi-Fahrgastbef\u00f6rderung bis zum 60. Lebensjahr\n<\/td>\n<td>Bescheinigung \u00fcber die \u00e4rztliche Untersuchung nach&nbsp;Anlage&nbsp;5&nbsp;Nummer&nbsp;1&nbsp;FeV (Einzelpreis 77,35 \u20ac)<\/td>\n<td rowspan=\"2\">148,75 \u20ac<\/td>\n<\/tr><tr>\n<td>Bescheinigung \u00fcber die \u00e4rztliche Untersuchung des Sehverm\u00f6gens nach&nbsp;Anlage&nbsp;6,&nbsp;FeV (Einzelpreis 71,40 \u20ac)<\/td>\n<\/tr><tr>\n<td rowspan=\"3\">&#8211; Erteilung der Fahrerlaubnis f\u00fcr die Klassen D, D1, DE, D1E\n<br>&#8211; Erteilung der Fahrerlaubnis f\u00fcr die Taxi-Fahrgastbef\u00f6rderung\n<br>&#8211; Verl\u00e4ngerung der Fahrerlaubnis f\u00fcr die Klassen D, D1, DE, D1E ab dem 50. Lebensjahr\n<br>&#8211; Verl\u00e4ngerung der Fahrerlaubnis f\u00fcr Taxi-Fahrgastbef\u00f6rderung ab dem 60. Lebensjahr\n<\/td>\n<td>Bescheinigung \u00fcber die \u00e4rztliche Untersuchung nach&nbsp;Anlage&nbsp;5&nbsp;Nummer&nbsp;1&nbsp;FeV (Einzelpreis 77,35 \u20ac)<\/td>\n<td rowspan=\"3\">202,30 \u20ac<br\/><b>(30 \u20ac Rabatt gegen&uuml;ber Einzelpreisen)<\/b><\/td>\n<\/tr>\n<tr>\n<td>Bescheinigung \u00fcber die \u00e4rztliche Untersuchung des Sehverm\u00f6gens nach&nbsp;Anlage&nbsp;6,&nbsp;FeV (Einzelpreis 71,40 \u20ac)<\/td>\n<\/tr>\n<tr>\n<td>Psychometrischer Leistungstest mit Corporal<sup>Plus<\/sup> <br>(Bescheinigung \u00fcber &#8222;besondere Anforderungen&#8220; &#8211; Belastbarkeit. Orientierungsleistung, Konzentrationsleistung, Aufmerksamkeitsleistung, Reaktionsf\u00e4higkeit) nach&nbsp;Anlage&nbsp;5&nbsp;Nummer&nbsp;2&nbsp;FeV (Einzelpreis 89,25 \u20ac)<\/td>\n<\/tr>\n<\/tbody><\/table>\n\n\n\n<p><strong>Termin f\u00fcr die F\u00fchrerscheinuntersuchung vereinbaren<\/strong><\/p>\n\n\n\n<p>\ud83d\udcde <a href=\"tel:+4930233211731\" data-type=\"tel\" data-id=\"tel:+4930233211731\">030 233211731<\/a><\/p>\n\n\n\n<h4 class=\"wp-block-heading\">Untersuchungsinhalte<\/h4>\n\n\n\n<p>Die Untersuchung des Sehverm\u00f6gens beinhaltet Sehsch\u00e4rfe, Gesichtsfeld, Farb-, Stereo- und Kontrastsehen und die Ausstellung der Bescheinigung.<\/p>\n\n\n\n<p>Die \u00e4rztliche Untersuchung beinhaltet eine Anamnese, einen Urintest auf Eiwei\u00df und Zucker sowie eine Beratung und die Ausstellung der Bescheinigung.<\/p>\n\n\n\n<h4 class=\"wp-block-heading\">Bitte bringen Sie folgendes mit:<\/h4>\n\n\n\n<ul class=\"wp-block-list\">\n<li>g\u00fcltigen Personalausweis oder Reisepass<\/li>\n\n\n\n<li>Sehhilfe (Brille\/Kontaktlinsen)<\/li>\n\n\n\n<li>H\u00f6rger\u00e4t<\/li>\n\n\n\n<li>bei bestehenden Krankheiten die Berichte vom Haus-\/Facharzt, Laborwerte, Medikamentenplan<\/li>\n<\/ul>\n\n\n\n<h4 class=\"wp-block-heading\">Hinweise <\/h4>\n\n\n\n<p>Zahlung vor Ort m\u00f6glich: Bar oder mit Karte.<br>Wir bevorzugen Bargeldzahlung.<\/p>\n\n\n\n<p class=\"has-text-align-left\"><strong>MPU Untersuchungen f\u00fchren wir nicht durch.<\/strong><br>Wir bieten ausschlie\u00dflich FeV Untersuchungen<br>f\u00fcr LKW, Bus und P-Schein an.<\/p>\n","protected":false},"excerpt":{"rendered":"<p>Termin kurzfristig m\u00f6glich \ud83d\udcde 030 233211731\ud83d\udccd Kaulsdorfer Str. 131, 12555 Berlin Felder mit * sind Pflichtfelder. \u00c4rztliche Untersuchung und Sehtest (FeV) Bei uns k\u00f6nnen Sie die \u00e4rztliche Untersuchung und den Sehtest nach der Fahrerlaubnisverordnung durchf\u00fchren lassen. Anschlie\u00dfend stellen wir die Bescheinigung f\u00fcr die F\u00fchrerscheinstelle nach Anlage 5 Nummer 1 FeV und Anlage 6 FeV aus. [&hellip;]<\/p>\n","protected":false},"author":1,"featured_media":0,"parent":0,"menu_order":0,"comment_status":"closed","ping_status":"closed","template":"","meta":{"footnotes":""},"class_list":["post-280","page","type-page","status-publish","hentry"],"blocksy_meta":{"styles_descriptor":{"styles":{"desktop":"","tablet":"","mobile":""},"google_fonts":[],"version":6}},"_links":{"self":[{"href":"https:\/\/www.moderne-arbeitsmedizin.de\/index.php\/wp-json\/wp\/v2\/pages\/280","targetHints":{"allow":["GET"]}}],"collection":[{"href":"https:\/\/www.moderne-arbeitsmedizin.de\/index.php\/wp-json\/wp\/v2\/pages"}],"about":[{"href":"https:\/\/www.moderne-arbeitsmedizin.de\/index.php\/wp-json\/wp\/v2\/types\/page"}],"author":[{"embeddable":true,"href":"https:\/\/www.moderne-arbeitsmedizin.de\/index.php\/wp-json\/wp\/v2\/users\/1"}],"replies":[{"embeddable":true,"href":"https:\/\/www.moderne-arbeitsmedizin.de\/index.php\/wp-json\/wp\/v2\/comments?post=280"}],"version-history":[{"count":89,"href":"https:\/\/www.moderne-arbeitsmedizin.de\/index.php\/wp-json\/wp\/v2\/pages\/280\/revisions"}],"predecessor-version":[{"id":561,"href":"https:\/\/www.moderne-arbeitsmedizin.de\/index.php\/wp-json\/wp\/v2\/pages\/280\/revisions\/561"}],"wp:attachment":[{"href":"https:\/\/www.moderne-arbeitsmedizin.de\/index.php\/wp-json\/wp\/v2\/media?parent=280"}],"curies":[{"name":"wp","href":"https:\/\/api.w.org\/{rel}","templated":true}]}}